{"id":38268,"date":"2024-12-11T15:14:38","date_gmt":"2024-12-11T20:14:38","guid":{"rendered":"https:\/\/tvape.es\/blog\/?page_id=38268"},"modified":"2024-12-11T15:42:24","modified_gmt":"2024-12-11T20:42:24","slug":"ethics-statement","status":"publish","type":"page","link":"https:\/\/tvape.es\/blog\/ethics-statement\/","title":{"rendered":"P\u00e1gina de Integridad"},"content":{"rendered":"<h2>\u00bfPor qu\u00e9 confiar en la opini\u00f3n experta de TVape?<\/h2>\n<p>TVape ha estado proporcionando rese\u00f1as detalladas sobre diferentes vaporizadores desde 2009. Hemos sido testigos de la evoluci\u00f3n de la tecnolog\u00eda de vaporizadores de primera mano, comenzando desde una \u00e9poca en la que los vaporizadores eran exclusivamente el\u00e9ctricos o de gas. Nuestra profunda comprensi\u00f3n de las din\u00e1micas del mercado, los avances tecnol\u00f3gicos y las preferencias de los consumidores nos permite ofrecer clasificaciones confiables e informadas. Nuestra longevidad en la industria tambi\u00e9n se\u00f1ala nuestra relevancia, autoridad, experiencia y satisfacci\u00f3n del cliente. Adem\u00e1s, nuestra empresa matriz tiene un departamento de ingenier\u00eda en Alemania, por lo que comprendemos a fondo los aspectos t\u00e9cnicos y termodin\u00e1micos de los dispositivos.<\/p>\n<h3>Procedimientos de Prueba Detallados<\/h3>\n<p>El compromiso de TVape con la calidad es evidente en sus rigurosos procedimientos de prueba. Cada vaporizador pasa por pruebas exhaustivas en diferentes condiciones para evaluar su rendimiento, durabilidad y consistencia. Probamos factores como el tiempo de calentamiento, la precisi\u00f3n de la temperatura, la calidad del vapor y la eficiencia de la bater\u00eda. Nuestro enfoque principal es resaltar tanto las debilidades como las fortalezas de cada unidad para garantizar que los usuarios tengan una base confiable para sus investigaciones antes de tomar una decisi\u00f3n de compra.<\/p>\n<h3>Enfoque Centrado en el Usuario<\/h3>\n<p>Entendiendo que las mejores perspectivas a menudo provienen de usuarios reales, TVape otorga gran importancia a los comentarios de los usuarios. Contamos con una gran comunidad de usuarios que comparten sus experiencias y opiniones sobre varios vaporizadores. Este feedback es invaluable, ya que refleja el rendimiento y la fiabilidad en el mundo real. Incorporamos las opiniones y valoraciones de los usuarios en nuestras clasificaciones. Nos aseguramos de que nuestras recomendaciones se alineen con las preferencias y necesidades de nuestros clientes.<\/p>\n<h3>Informaci\u00f3n Actualizada<\/h3>\n<p>El mercado de vaporizadores est\u00e1 en constante evoluci\u00f3n con nuevos productos y avances tecnol\u00f3gicos. TVape se mantiene a la vanguardia actualizando sus clasificaciones regularmente para reflejar las \u00faltimas novedades. Monitoreamos continuamente el mercado en busca de nuevos lanzamientos e innovaciones. Nuestro objetivo es asegurar que nuestras recomendaciones siempre est\u00e9n al d\u00eda. Nuestro compromiso con proporcionar informaci\u00f3n actualizada ayuda a los usuarios a estar informados sobre los mejores y m\u00e1s recientes vaporizadores de hierbas secas disponibles. En general, todas las principales marcas, o los reci\u00e9n llegados, nos buscan para evaluar productos que est\u00e1n por lanzarse, ya que somos uno de los pocos l\u00edderes de opini\u00f3n sofisticados en el espacio de la vaporizaci\u00f3n a nivel mundial. No aceptamos pagos por estas rese\u00f1as y solo podemos comercializar productos despu\u00e9s de que nuestro proceso de revisi\u00f3n se haya completado.<\/p>\n<h3>Recursos Educativos<\/h3>\n<p>Adem\u00e1s de nuestras clasificaciones, ofrecemos una gran variedad de recursos educativos para ayudar a los usuarios a comprender las caracter\u00edsticas y beneficios de diferentes vaporizadores. Nuestros art\u00edculos de blog, gu\u00edas y tutoriales en video cubren una amplia gama de temas, desde consejos para principiantes hasta t\u00e9cnicas de uso avanzado. Creemos en compartir recursos para capacitar a los usuarios con el conocimiento que necesitan para tomar decisiones informadas y aprovechar al m\u00e1ximo sus vaporizadores. TVape construye confianza y credibilidad con sus recursos, lo que refuerza su posici\u00f3n como una autoridad confiable en la industria de los vaporizadores.<\/p>\n<h2>\u00bfCu\u00e1les son las cualificaciones de nuestro equipo de revisi\u00f3n?<\/h2>\n<p>Nuestro equipo se especializa en vaporizadores, a diferencia de la mayor\u00eda de los afiliados que se enfocan en monetizar el tr\u00e1fico web. Nuestro personal no recibe bonos ni comisiones basadas en ventas directamente provenientes de nuestras rese\u00f1as. Somos el equipo global m\u00e1s grande dedicado a crear contenido \u00abeducativo\u00bb, \u00abbasado en encuestas\u00bb, \u00abrese\u00f1as\u00bb y \u00ablos mejores\u00bb para vaporizadores. Esta posici\u00f3n \u00fanica nos permite evaluar mejor los mejores vaporizadores de hierbas secas para cannabis y m\u00e1s all\u00e1.<\/p>\n<p>Nuestro equipo est\u00e1 compuesto por especialistas experimentados en contenido y productos de vaporizadores, lo que nos convierte en el equipo de expertos m\u00e1s experimentado del mundo. Nuestros especialistas en contenido trabajan a tiempo completo en la comprensi\u00f3n y prueba de nuevos vaporizadores de cannabis, c\u00e1\u00f1amo, hierbas secas, concentrados de marihuana, ceras y dabs. Tambi\u00e9n contamos con equipos separados para gr\u00e1ficos y videos.<\/p>\n<p>Nuestro equipo de liderazgo, que incluye al CEO y al Director de Productos, ha estado en la industria desde sus inicios, incluso antes de la legalizaci\u00f3n del cannabis en Alemania y Canad\u00e1, donde est\u00e1n ubicadas nuestras oficinas. El CEO y fundador, quien es graduado de la Universidad de Toronto, es uno de los m\u00e1s experimentados en el espacio global del cannabis y las hierbas secas. TVape fue fundado en 2009, precediendo a la mayor\u00eda de las empresas activas en este campo. Tambi\u00e9n tenemos un Doctorado en Tecnolog\u00eda Farmac\u00e9utica, especializado en dispositivos de inhalaci\u00f3n, como nuestro Director de Cumplimiento. Los productos de marca privada de TVape, desarrollados internamente, est\u00e1n dirigidos por nuestro Director de Productos, que se encuentra en Alemania y tiene una maestr\u00eda en Ingenier\u00eda Mec\u00e1nica de la Universidad de Stuttgart.<\/p>\n<p>Nuestro equipo tiene cerca de medio siglo de experiencia combinada en la prueba de dispositivos de vaporizaci\u00f3n, redacci\u00f3n, creaci\u00f3n de videos, ingenier\u00eda y soporte postventa.<\/p>\n<h2>Divulgaci\u00f3n de Afiliaci\u00f3n<\/h2>\n<h3>Nuestro Modelo de Negocio: C\u00f3mo Ganamos Dinero<\/h3>\n<p>No somos afiliados tradicionales que ganan comisiones cuando haces clic en enlaces y realizas compras en sitios externos. En su lugar, somos una empresa que distribuye y vende directamente una amplia gama de vaporizadores de diferentes fabricantes, incluyendo tanto marcas de terceros como productos exclusivos de nuestra propia marca.<\/p>\n<p>Nuestro equipo est\u00e1 compuesto por expertos con experiencia pr\u00e1ctica con los dispositivos que vendemos. Esto nos permite ofrecer conocimientos informados y objetivos que ayudan a nuestros clientes a tomar decisiones de compra fundamentadas. Aunque creamos y vendemos nuestros propios productos, tambi\u00e9n tenemos relaciones s\u00f3lidas con fabricantes de terceros, lo que nos permite ofrecer una gama completa de dispositivos en todos los segmentos del mercado.<\/p>\n<h3>Marca Privada vs. Productos de Terceros<\/h3>\n<p>Ofrecemos tanto marcas de terceros como productos de marca privada que desarrollamos internamente. Nuestras marcas exclusivas son creadas despu\u00e9s de una extensa investigaci\u00f3n y an\u00e1lisis del mercado de vaporizadores. Nos enfocamos en comprender las preferencias de los clientes, las tendencias de la industria y las caracter\u00edsticas que los diferentes segmentos de consumidores consideran m\u00e1s valiosas.<\/p>\n<p>Nuestro proceso de desarrollo interno se basa en datos y est\u00e1 respaldado por un profundo conocimiento de la demanda del consumidor. Esto nos permite dise\u00f1ar productos que satisfacen necesidades espec\u00edficas del mercado, desde opciones econ\u00f3micas hasta dispositivos de alta gama con funciones avanzadas. El hecho de que controlemos cada aspecto de estos productos, desde el desarrollo hasta el servicio al cliente, naturalmente nos da una mayor familiaridad con ellos. Esta transparencia tambi\u00e9n hace m\u00e1s probable que recomendemos estas marcas privadas o las utilicemos como puntos de referencia relativos en otras rese\u00f1as.<\/p>\n<h3>Transparencia en las Rese\u00f1as de Productos<\/h3>\n<p>Debido a la extensa investigaci\u00f3n y desarrollo que implica nuestros productos de marca privada, a menudo los utilizamos como puntos de referencia al revisar y comparar vaporizadores. Nuestra familiaridad con estos dispositivos nos permite ofrecer comparaciones m\u00e1s detalladas e informativas, lo que es una raz\u00f3n clave por la que pueden aparecer con mayor frecuencia en nuestras rese\u00f1as.<\/p>\n<p>Sin embargo, es importante enfatizar que nos esforzamos por mantener la objetividad al discutir productos de terceros. Reconocemos que algunos fabricantes pueden producir dispositivos que son superiores en ciertos aspectos a nuestros productos internos, y somos transparentes al respecto. Nuestro objetivo es proporcionar una evaluaci\u00f3n honesta y equilibrada de cada dispositivo, independientemente de su marca. Sin embargo, es muy recomendable realizar una investigaci\u00f3n exhaustiva que incluya a otros l\u00edderes de opini\u00f3n en el espacio para obtener una comprensi\u00f3n m\u00e1s completa antes de tomar una decisi\u00f3n de compra.<\/p>\n<h3>Equilibrando Nuestras Preferencias y la Objetividad<\/h3>\n<p>Aunque creemos en la calidad de nuestros productos de marca privada, tambi\u00e9n reconocemos la importancia de la imparcialidad. Trabajamos arduamente para garantizar que nuestra preferencia por estos dispositivos, impulsada por nuestro conocimiento \u00edntimo de su desarrollo en comparaci\u00f3n con la demanda del consumidor, no comprometa la objetividad de nuestras rese\u00f1as. Si fallamos en esto, pedimos disculpas y le recomendamos encarecidamente que consulte otras fuentes de informaci\u00f3n. Sin embargo, tenga la seguridad de que todas las marcas privadas vienen con pol\u00edticas de devoluci\u00f3n l\u00edderes en el mercado.<\/p>\n<p>Por ejemplo, tenemos fuertes relaciones con las principales marcas de terceros como Arizer, Crossing Tech, Storz &#038; Bickel, Linx, Pax, Puffco, Dr. Dabber, FocusV y otras. Estas asociaciones nos permiten ofrecer una amplia selecci\u00f3n de vaporizadores de alta calidad. Al revisar o recomendar productos de terceros, nos aseguramos de destacar no solo sus fortalezas, sino tambi\u00e9n sus posibles debilidades, para que los clientes puedan tomar decisiones completamente informadas.<\/p>\n<h3>Enlaces de Afiliados y Nuestra Estructura \u00danica de Ventas<\/h3>\n<p>A diferencia de muchos otros minoristas de vaporizadores, no dependemos de enlaces de afiliados tradicionales para generar ingresos. No ganamos comisiones cuando hace clic en enlaces externos para comprar productos. En cambio, vendemos los productos directamente a trav\u00e9s de nuestra propia tienda. Esto nos da un mayor control sobre la calidad de los productos que ofrecemos, el nivel de servicio al cliente que brindamos y la experiencia postventa, incluidas las garant\u00edas y el soporte. Desde una perspectiva comercial, los afiliados tienen m\u00e1s probabilidades de recomendar cualquier producto, ya que no estar\u00e1n lidiando con las consecuencias posteriores a la compra de sus recomendaciones. No recomendamos todos los productos, y podemos ser m\u00e1s objetivos en su conjunto, ya que tenemos un producto adecuado para cualquier cliente y nuestra cartera no se limita solo a aquellas marcas que ofrecen una comisi\u00f3n de afiliado.<\/p>\n<p>Con productos de terceros, nos esforzamos por ofrecer el mismo nivel de servicio que brindamos con nuestros productos de marca privada. En algunos casos, podemos asumir las responsabilidades de garant\u00eda y servicio al cliente para las marcas de terceros compradas a trav\u00e9s de nuestra tienda, lo que garantiza una experiencia m\u00e1s fluida para nuestros clientes. En otros casos, los fabricantes no nos permiten atender a los clientes despu\u00e9s de un cierto per\u00edodo de tiempo posterior a la compra. Por favor revise la secci\u00f3n de garant\u00eda del fabricante en cada p\u00e1gina de producto.<\/p>\n<p>En resumen, tenga en cuenta que no estamos obligados a recomendar solo productos que ofrezcan comisiones de afiliaci\u00f3n, y que nuestro modelo de negocio nos permite ser lo suficientemente amplios como para brindarle la mayor cantidad de informaci\u00f3n posible sobre cada dispositivo y dejarle elegir lo que es mejor para usted. Al final, si cree que hicimos un buen trabajo, puede recompensarnos con su compra y nos comprometemos a satisfacer sus necesidades de servicio al cliente si surgen.<\/p>\n<h3>Atenci\u00f3n al Cliente y Soporte de Garant\u00eda<\/h3>\n<p>Una de las razones por las que creemos en nuestros productos de marca privada es el nivel de soporte posterior a la compra que ofrecemos. Debido a que controlamos cada aspecto de la experiencia del cliente, incluyendo el servicio al cliente y las reclamaciones de garant\u00eda, podemos ser m\u00e1s receptivos y proactivos al abordar cualquier problema que pueda surgir. En contraste, con productos de terceros, podemos tener menos control sobre c\u00f3mo se manejan la garant\u00eda y el soporte al cliente, dependiendo de las pol\u00edticas del fabricante.<\/3><\/p>\n<p>Dicho esto, hacemos nuestro mejor esfuerzo para trabajar con marcas de terceros que se alinean con nuestros valores y ofrecen un soporte al cliente s\u00f3lido. Al ofrecer tanto nuestros propios productos como opciones de terceros, buscamos brindar la mejor experiencia posible a nuestros clientes, independientemente del dispositivo que elijan.<\/p>\n<p>Tenga en cuenta que cada interacci\u00f3n de servicio al cliente puede ser evaluada por un cliente al final del correo electr\u00f3nico. Si la interacci\u00f3n es calificada muy baja, un supervisor revisar\u00e1 el caso de forma predeterminada y tratar\u00e1 de evaluar si se puede hacer alguna excepci\u00f3n para satisfacer al cliente. Si todav\u00eda cree que no lo hemos tratado con justicia o no lo hemos satisfecho adecuadamente, puede proceder a dejar una rese\u00f1a de una estrella en un perfil de rese\u00f1a p\u00fablico que no est\u00e9 gestionado por TVape, como nuestro Google My Business o Trustpilot. Esto seguramente llamar\u00e1 la atenci\u00f3n de un supervisor que har\u00e1 todo lo posible para atender sus necesidades y cambiar su rese\u00f1a de una estrella a una de cinco estrellas. Divulgamos abiertamente esta metodolog\u00eda con nuestros clientes para asegurar que nuestra organizaci\u00f3n hace de la satisfacci\u00f3n del cliente su principal objetivo.<\/p>\n<h3>Compromiso con Pr\u00e1cticas de Venta \u00c9ticas<\/h3>\n<p>Entendemos que nuestro rol como minorista, revisor y fabricante puede generar preguntas sobre sesgos. Es por eso que nos comprometemos con la transparencia a trav\u00e9s de la divulgaci\u00f3n en esta p\u00e1gina. Animamos a todos nuestros lectores a que realicen sus propias investigaciones, consulten m\u00faltiples fuentes y exploren diferentes plataformas antes de tomar una decisi\u00f3n de compra.<\/p>\n<p>Tambi\u00e9n lo alentamos a enviar un correo electr\u00f3nico a nuestro equipo de relaciones p\u00fablicas o servicio al cliente directamente si cree que existen formas en que podemos mejorar. Tambi\u00e9n puede comentar en nuestros videos de YouTube o agregar a nuestro personal senior en LinkedIn o X para llamar nuestra atenci\u00f3n sobre su idea o problema.<\/p>\n<p>Nuestra empresa opera dentro de un mercado capitalista, y como cualquier empresa, buscamos obtener ganancias, mejorar la vida de nuestro personal y satisfacer a nuestros clientes. Sin embargo, mantener la confianza con nuestra audiencia es nuestra principal prioridad, ya que es un pilar central que nos permite cuidar a nuestros empleados y clientes. Creemos que al proporcionar informaci\u00f3n honesta y completa sobre todos los productos, ya sean marcas de terceros o nuestras propias, podemos ayudar a los clientes a tomar las mejores decisiones para sus necesidades individuales.<\/p>\n","protected":false},"excerpt":{"rendered":"<p>\u00bfPor qu\u00e9 confiar en la opini\u00f3n experta de TVape? TVape ha estado proporcionando rese\u00f1as detalladas sobre diferentes vaporizadores desde 2009. Hemos sido testigos de la evoluci\u00f3n de la tecnolog\u00eda de vaporizadores de primera mano, comenzando desde una \u00e9poca en la que los vaporizadores eran exclusivamente el\u00e9ctricos o de gas. Nuestra profunda comprensi\u00f3n de las din\u00e1micas<\/p>\n<div class=\"read-more\"><a href=\"https:\/\/tvape.es\/blog\/ethics-statement\/\" title=\"Read More\">Read More<\/a><\/div>\n","protected":false},"author":49,"featured_media":0,"parent":0,"menu_order":0,"comment_status":"closed","ping_status":"closed","template":"","meta":{"_acf_changed":false,"footnotes":""},"class_list":["post-38268","page","type-page","status-publish"],"acf":{"websiteoption":["tvapecom","torontovaporizerca","tvapede","tvapefr","tvapeuk","tvapees"],"custom_code":false,"torontovaporizerca_link":"","tvapecom_link":"","tvapede_link":"","tvapefr_link":"","tvapeuk_link":"","tvapees_link":""},"yoast_head":"<!-- This site is optimized with the Yoast SEO Premium plugin v25.9 (Yoast SEO v25.9) - https:\/\/yoast.com\/wordpress\/plugins\/seo\/ -->\n<title>P\u00e1gina de Integridad - TVape.es Blog<\/title>\n<meta name=\"description\" content=\"\u00bfPor qu\u00e9 confiar en la opini\u00f3n experta de TVape? TVape ha estado proporcionando rese\u00f1as detalladas sobre diferentes vaporizadores desde 2009. Hemos sido\" \/>\n<meta property=\"og:locale\" content=\"es_ES\" \/>\n<meta property=\"og:type\" content=\"article\" \/>\n<meta property=\"og:title\" content=\"P\u00e1gina de Integridad\" \/>\n<meta property=\"og:description\" content=\"\u00bfPor qu\u00e9 confiar en la opini\u00f3n experta de TVape? TVape ha estado proporcionando rese\u00f1as detalladas sobre diferentes vaporizadores desde 2009. Hemos sido\" \/>\n<meta property=\"og:url\" content=\"https:\/\/tvape.es\/blog\/ethics-statement\/\" \/>\n<meta property=\"og:site_name\" content=\"TVape.es Blog\" \/>\n<meta property=\"article:modified_time\" content=\"2024-12-11T20:42:24+00:00\" \/>\n<script type=\"application\/ld+json\" class=\"yoast-schema-graph\">{\"@context\":\"https:\/\/schema.org\",\"@graph\":[{\"@type\":\"BreadcrumbList\",\"itemListElement\":[{\"@type\":\"ListItem\",\"position\":1,\"name\":\"Home\",\"item\":\"https:\/\/tvape.es\/\"},{\"@type\":\"ListItem\",\"position\":2,\"name\":\"Blog\",\"item\":\"https:\/\/tvape.es\/blog\/\"},{\"@type\":\"ListItem\",\"position\":3,\"name\":\"P\u00e1gina de Integridad\"}]},{\"@type\":\"WebSite\",\"@id\":\"https:\/\/tvape.es\/blog\/#website\",\"url\":\"https:\/\/tvape.es\/blog\/\",\"name\":\"TVape.es Blog\",\"description\":\"\",\"publisher\":{\"@id\":\"https:\/\/tvape.es\/blog\/#organization\"},\"inLanguage\":\"es\"},{\"@type\":\"Organization\",\"@id\":\"https:\/\/tvape.es\/blog\/#organization\",\"name\":\"TVape.es Blog\",\"url\":\"https:\/\/tvape.es\/blog\/\",\"logo\":{\"@type\":\"ImageObject\",\"inLanguage\":\"es\",\"@id\":\"https:\/\/tvape.es\/blog\/#\/schema\/logo\/image\/\",\"url\":\"\",\"contentUrl\":\"\",\"caption\":\"TVape.es Blog\"},\"image\":{\"@id\":\"https:\/\/tvape.es\/blog\/#\/schema\/logo\/image\/\"}}]}<\/script>\n<!-- \/ Yoast SEO Premium plugin. -->","yoast_head_json":{"title":"P\u00e1gina de Integridad - TVape.es Blog","description":"\u00bfPor qu\u00e9 confiar en la opini\u00f3n experta de TVape? TVape ha estado proporcionando rese\u00f1as detalladas sobre diferentes vaporizadores desde 2009. Hemos sido","og_locale":"es_ES","og_type":"article","og_title":"P\u00e1gina de Integridad","og_description":"\u00bfPor qu\u00e9 confiar en la opini\u00f3n experta de TVape? TVape ha estado proporcionando rese\u00f1as detalladas sobre diferentes vaporizadores desde 2009. Hemos sido","og_url":"https:\/\/tvape.es\/blog\/ethics-statement\/","og_site_name":"TVape.es Blog","article_modified_time":"2024-12-11T20:42:24+00:00","schema":{"@context":"https:\/\/schema.org","@graph":[{"@type":"BreadcrumbList","itemListElement":[{"@type":"ListItem","position":1,"name":"Home","item":"https:\/\/tvape.es\/"},{"@type":"ListItem","position":2,"name":"Blog","item":"https:\/\/tvape.es\/blog\/"},{"@type":"ListItem","position":3,"name":"P\u00e1gina de Integridad"}]},{"@type":"WebSite","@id":"https:\/\/tvape.es\/blog\/#website","url":"https:\/\/tvape.es\/blog\/","name":"TVape.es Blog","description":"","publisher":{"@id":"https:\/\/tvape.es\/blog\/#organization"},"inLanguage":"es"},{"@type":"Organization","@id":"https:\/\/tvape.es\/blog\/#organization","name":"TVape.es Blog","url":"https:\/\/tvape.es\/blog\/","logo":{"@type":"ImageObject","inLanguage":"es","@id":"https:\/\/tvape.es\/blog\/#\/schema\/logo\/image\/","url":"","contentUrl":"","caption":"TVape.es Blog"},"image":{"@id":"https:\/\/tvape.es\/blog\/#\/schema\/logo\/image\/"}}]}},"_links":{"self":[{"href":"https:\/\/tvape.es\/blog\/wp-json\/wp\/v2\/pages\/38268","targetHints":{"allow":["GET"]}}],"collection":[{"href":"https:\/\/tvape.es\/blog\/wp-json\/wp\/v2\/pages"}],"about":[{"href":"https:\/\/tvape.es\/blog\/wp-json\/wp\/v2\/types\/page"}],"author":[{"embeddable":true,"href":"https:\/\/tvape.es\/blog\/wp-json\/wp\/v2\/users\/49"}],"replies":[{"embeddable":true,"href":"https:\/\/tvape.es\/blog\/wp-json\/wp\/v2\/comments?post=38268"}],"version-history":[{"count":3,"href":"https:\/\/tvape.es\/blog\/wp-json\/wp\/v2\/pages\/38268\/revisions"}],"predecessor-version":[{"id":38271,"href":"https:\/\/tvape.es\/blog\/wp-json\/wp\/v2\/pages\/38268\/revisions\/38271"}],"wp:attachment":[{"href":"https:\/\/tvape.es\/blog\/wp-json\/wp\/v2\/media?parent=38268"}],"curies":[{"name":"wp","href":"https:\/\/api.w.org\/{rel}","templated":true}]}}